{"id":5,"date":"2020-09-18T15:48:10","date_gmt":"2020-09-18T15:48:10","guid":{"rendered":"https:\/\/vetsch-ag.ch\/?page_id=5"},"modified":"2023-04-03T08:40:35","modified_gmt":"2023-04-03T08:40:35","slug":"psychology-home","status":"publish","type":"page","link":"https:\/\/vetsch-ag.ch\/","title":{"rendered":"Home"},"content":{"rendered":"<div class=\"fusion-fullwidth fullwidth-box fusion-builder-row-1 fusion-flex-container hundred-percent-fullwidth non-hundred-percent-height-scrolling\" style=\"--awb-border-sizes-top:0;--awb-border-color:var(--awb-color3);--awb-border-radius-top-left:0px;--awb-border-radius-top-right:0px;--awb-border-radius-bottom-right:0px;--awb-border-radius-bottom-left:0px;--awb-padding-right:0px;--awb-padding-left:0px;--awb-padding-right-medium:40px;--awb-padding-right-small:0px;--awb-padding-left-small:0px;--awb-background-image:linear-gradient(180deg, var(--awb-color1) 70%,hsla(var(--awb-color3-h),var(--awb-color3-s),var(--awb-color3-l),calc( var(--awb-color3-a) - 40% )) 100%);;\" ><div class=\"fusion-builder-row fusion-row fusion-flex-align-items-flex-start\" style=\"width:calc( 100% + 0px ) !important;max-width:calc( 100% + 0px ) !important;margin-left: calc(-0px \/ 2 );margin-right: calc(-0px \/ 2 );\"><div class=\"fusion-layout-column fusion_builder_column fusion-builder-column-0 fusion_builder_column_1_2 1_2 fusion-flex-column fusion-flex-align-self-flex-start fusion-animated\" style=\"--awb-padding-bottom:8vh;--awb-padding-bottom-small:0px;--awb-bg-size:cover;--awb-width-large:50%;--awb-margin-top-large:0px;--awb-spacing-right-large:0;--awb-margin-bottom-large:0px;--awb-spacing-left-large:0;--awb-width-medium:50%;--awb-order-medium:0;--awb-spacing-right-medium:0;--awb-spacing-left-medium:0;--awb-width-small:100%;--awb-order-small:0;--awb-spacing-right-small:0px;--awb-spacing-left-small:0;\" data-animationType=\"fadeInLeft\" data-animationDuration=\"1.0\" data-animationOffset=\"top-into-view\"><div class=\"fusion-column-wrapper fusion-column-has-shadow fusion-flex-justify-content-flex-start fusion-content-layout-column\"><div class=\"fusion-image-element \" style=\"--awb-caption-title-size:var(--h2_typography-font-size);--awb-caption-title-transform:var(--h2_typography-text-transform);--awb-caption-title-line-height:var(--h2_typography-line-height);--awb-caption-title-letter-spacing:var(--h2_typography-letter-spacing);\"><span class=\" fusion-imageframe imageframe-none imageframe-1 hover-type-none\"><img decoding=\"async\" width=\"823\" height=\"735\" title=\"front_neu\" src=\"https:\/\/vetsch-ag.ch\/wp-content\/uploads\/2023\/03\/front_neu.png\" alt class=\"img-responsive wp-image-2013 disable-lazyload\" srcset=\"https:\/\/vetsch-ag.ch\/wp-content\/uploads\/2023\/03\/front_neu-200x179.png 200w, https:\/\/vetsch-ag.ch\/wp-content\/uploads\/2023\/03\/front_neu-400x357.png 400w, https:\/\/vetsch-ag.ch\/wp-content\/uploads\/2023\/03\/front_neu-600x536.png 600w, https:\/\/vetsch-ag.ch\/wp-content\/uploads\/2023\/03\/front_neu-800x714.png 800w, https:\/\/vetsch-ag.ch\/wp-content\/uploads\/2023\/03\/front_neu.png 823w\" sizes=\"(max-width: 700px) 100vw, 800px\" \/><\/span><\/div><\/div><\/div><div class=\"fusion-layout-column fusion_builder_column fusion-builder-column-1 fusion_builder_column_1_2 1_2 fusion-flex-column fusion-animated\" style=\"--awb-padding-top:5vw;--awb-padding-right:12vw;--awb-padding-bottom:5vw;--awb-padding-left:110px;--awb-padding-top-medium:7vh;--awb-padding-right-medium:0px;--awb-padding-bottom-medium:7vh;--awb-padding-top-small:11vw;--awb-padding-right-small:8vw;--awb-padding-bottom-small:11vw;--awb-padding-left-small:8vw;--awb-bg-size:cover;--awb-width-large:50%;--awb-margin-top-large:0px;--awb-spacing-right-large:0;--awb-margin-bottom-large:0px;--awb-spacing-left-large:0;--awb-width-medium:50%;--awb-order-medium:0;--awb-spacing-right-medium:0;--awb-spacing-left-medium:0;--awb-width-small:100%;--awb-order-small:0;--awb-spacing-right-small:0;--awb-spacing-left-small:0;\" data-animationType=\"fadeInUp\" data-animationDuration=\"1.0\" data-animationOffset=\"top-into-view\"><div class=\"fusion-column-wrapper fusion-column-has-shadow fusion-flex-justify-content-flex-start fusion-content-layout-row\"><div class=\"fusion-text fusion-text-1\" style=\"--awb-font-size:15px;--awb-text-color:var(--awb-color6);\"><p><strong>Willkommen<\/strong><\/p>\n<p>Besten Dank f\u00fcr Ihr Interesse an unserer Firma.<br \/>\nGerne stehe ich pers\u00f6nlich f\u00fcr Fragen zur Verf\u00fcgung.<\/p>\n<p><strong>Peter Vetsch<\/strong><\/p>\n<\/div><ul style=\"--awb-line-height:27.2px;--awb-icon-width:27.2px;--awb-icon-height:27.2px;--awb-icon-margin:11.2px;--awb-content-margin:38.4px;--awb-circlecolor:var(--awb-color5);--awb-circle-yes-font-size:14.08px;\" class=\"fusion-checklist fusion-checklist-1 fusion-checklist-default type-icons\"><li class=\"fusion-li-item\" style=\"\"><span class=\"icon-wrapper circle-yes\"><i class=\"fusion-li-icon fa-check fas\" aria-hidden=\"true\"><\/i><\/span><div class=\"fusion-li-item-content\">\n<p>Metallbau, Schlosserei<\/p>\n<\/div><\/li><li class=\"fusion-li-item\" style=\"\"><span class=\"icon-wrapper circle-yes\"><i class=\"fusion-li-icon fa-check fas\" aria-hidden=\"true\"><\/i><\/span><div class=\"fusion-li-item-content\">\n<p>Apparate- und Profilpresswerk<\/p>\n<\/div><\/li><li class=\"fusion-li-item\" style=\"\"><span class=\"icon-wrapper circle-yes\"><i class=\"fusion-li-icon fa-check fas\" aria-hidden=\"true\"><\/i><\/span><div class=\"fusion-li-item-content\">\n<p>Aluminium- und Chromstahlverarbeitung<\/p>\n<\/div><\/li><li class=\"fusion-li-item\" style=\"\"><span class=\"icon-wrapper circle-yes\"><i class=\"fusion-li-icon awb-icon-check\" aria-hidden=\"true\"><\/i><\/span><div class=\"fusion-li-item-content\">\n<p>Industrie-Farbspritzwerk<\/p>\n<\/div><\/li><\/ul><div class=\"fusion-text fusion-text-2\" style=\"--awb-font-size:15px;--awb-text-color:var(--awb-color6);--awb-margin-top:20px;\"><p>Gr\u00fcndung: 11.11.1965 durch Ernst Vetsch<\/p>\n<p><strong>Anschrift:<\/strong><br \/>\nErnst Vetsch AG<br \/>\nH\u00fcttenwiesenstrasse 11<br \/>\n8108 D\u00e4llikon<\/p>\n<p><a href=\"mailto:info@vetsch-ag.ch\"><strong>info@vetsch-ag.ch<\/strong><\/a><\/p>\n<p>Tel: 044 844 02 02<br \/>\nFax: 044 844 18 71<\/p>\n<\/div><\/div><\/div><\/div><\/div>\n","protected":false},"excerpt":{"rendered":"","protected":false},"author":1,"featured_media":0,"parent":0,"menu_order":0,"comment_status":"closed","ping_status":"closed","template":"100-width.php","meta":{"footnotes":""},"class_list":["post-5","page","type-page","status-publish","hentry"],"_links":{"self":[{"href":"https:\/\/vetsch-ag.ch\/index.php?rest_route=\/wp\/v2\/pages\/5","targetHints":{"allow":["GET"]}}],"collection":[{"href":"https:\/\/vetsch-ag.ch\/index.php?rest_route=\/wp\/v2\/pages"}],"about":[{"href":"https:\/\/vetsch-ag.ch\/index.php?rest_route=\/wp\/v2\/types\/page"}],"author":[{"embeddable":true,"href":"https:\/\/vetsch-ag.ch\/index.php?rest_route=\/wp\/v2\/users\/1"}],"replies":[{"embeddable":true,"href":"https:\/\/vetsch-ag.ch\/index.php?rest_route=%2Fwp%2Fv2%2Fcomments&post=5"}],"version-history":[{"count":36,"href":"https:\/\/vetsch-ag.ch\/index.php?rest_route=\/wp\/v2\/pages\/5\/revisions"}],"predecessor-version":[{"id":2025,"href":"https:\/\/vetsch-ag.ch\/index.php?rest_route=\/wp\/v2\/pages\/5\/revisions\/2025"}],"wp:attachment":[{"href":"https:\/\/vetsch-ag.ch\/index.php?rest_route=%2Fwp%2Fv2%2Fmedia&parent=5"}],"curies":[{"name":"wp","href":"https:\/\/api.w.org\/{rel}","templated":true}]}}